{"id":896,"date":"2018-07-23T11:55:46","date_gmt":"2018-07-23T11:55:46","guid":{"rendered":"http:\/\/lubconsultoria.com.br\/v1\/?page_id=896"},"modified":"2020-11-07T15:31:53","modified_gmt":"2020-11-07T18:31:53","slug":"faqs","status":"publish","type":"page","link":"https:\/\/lubconsultoria.com.br\/v1\/faqs\/","title":{"rendered":"FAQs"},"content":{"rendered":"<p>[vc_row full_width=&#8221;stretch_row&#8221; css=&#8221;.vc_custom_1532415669437{margin-top: 0px !important;margin-bottom: 0px !important;padding-top: 120px !important;padding-bottom: 120px !important;background-color: #ffffff !important;}&#8221;][vc_column css=&#8221;.vc_custom_1532415663254{padding-top: 0px !important;padding-bottom: 0px !important;}&#8221;][vc_custom_heading text=&#8221;INFORMA\u00c7\u00d5ES ADICIONAIS&#8221; font_container=&#8221;tag:h6|font_size:16px|text_align:left|color:%23181616|line_height:26px&#8221; use_theme_fonts=&#8221;yes&#8221; el_class=&#8221;font-weight-medium&#8221; css=&#8221;.vc_custom_1604772671247{margin-top: 0px !important;margin-bottom: 10px !important;}&#8221;][vc_custom_heading text=&#8221;O que voc\u00ea precisa saber sobre nossos Servi\u00e7os&#8221; font_container=&#8221;tag:h1|font_size:35px|text_align:left|color:%23181616|line_height:45px&#8221; use_theme_fonts=&#8221;yes&#8221; el_class=&#8221;font-weight-bold&#8221; css=&#8221;.vc_custom_1604772722730{margin-top: 0px !important;margin-bottom: 25px !important;}&#8221;][vc_column_text css=&#8221;.vc_custom_1604772872190{margin-top: 0px !important;margin-bottom: 35px !important;}&#8221;]Relacionamos algumas perguntas b\u00e1sicas que os Clientes fazem em rela\u00e7\u00e3o ao nosso Atendimento. Caso sua d\u00favida n\u00e3o esteja listada abaixo, envie uma mensagem preenchendo o formul\u00e1rio abaixo, que responderemos e incluiremos sua d\u00favida aqui.[\/vc_column_text][vc_row_inner][vc_column_inner width=&#8221;1\/6&#8243;][\/vc_column_inner][vc_column_inner width=&#8221;4\/6&#8243; css=&#8221;.vc_custom_1604773230998{background-color: #185899 !important;}&#8221;]<div class=\"radiantthemes-accordion element-two   rt2044892763\"  ><div class=\"radiantthemes-accordion-item\"><div class=\"radiantthemes-accordion-item-title\"><div class=\"radiantthemes-accordion-item-title-icon\"><i class=\"fa fa-angle-down\"><\/i><\/div><h4 class=\"panel-title\">Quanto custa ter um site Profissional?<\/h4><\/div><div class=\"radiantthemes-accordion-item-body\"><\/div><\/div><div class=\"radiantthemes-accordion-item\"><div class=\"radiantthemes-accordion-item-title\"><div class=\"radiantthemes-accordion-item-title-icon\"><i class=\"fa fa-angle-down\"><\/i><\/div><h4 class=\"panel-title\">Quanto custa ter uma Loja Virtual?<\/h4><\/div><div class=\"radiantthemes-accordion-item-body\"><\/div><\/div><div class=\"radiantthemes-accordion-item\"><div class=\"radiantthemes-accordion-item-title\"><div class=\"radiantthemes-accordion-item-title-icon\"><i class=\"fa fa-angle-down\"><\/i><\/div><h4 class=\"panel-title\">Em que momento pago pelo Servi\u00e7o?<\/h4><\/div><div class=\"radiantthemes-accordion-item-body\"><\/div><\/div><div class=\"radiantthemes-accordion-item\"><div class=\"radiantthemes-accordion-item-title\"><div class=\"radiantthemes-accordion-item-title-icon\"><i class=\"fa fa-angle-down\"><\/i><\/div><h4 class=\"panel-title\">Quais as formas de Pagamentos dispon\u00edveis?<\/h4><\/div><div class=\"radiantthemes-accordion-item-body\"><\/div><\/div><div class=\"radiantthemes-accordion-item\"><div class=\"radiantthemes-accordion-item-title\"><div class=\"radiantthemes-accordion-item-title-icon\"><i class=\"fa fa-angle-down\"><\/i><\/div><h4 class=\"panel-title\">Todos os Servi\u00e7os pode ser parcelado?<\/h4><\/div><div class=\"radiantthemes-accordion-item-body\"><\/div><\/div><div class=\"radiantthemes-accordion-item\"><div class=\"radiantthemes-accordion-item-title\"><div class=\"radiantthemes-accordion-item-title-icon\"><i class=\"fa fa-angle-down\"><\/i><\/div><h4 class=\"panel-title\">Como solicito a emiss\u00e3o de Nota Fiscal?<\/h4><\/div><div class=\"radiantthemes-accordion-item-body\"><\/div><\/div><\/div>[\/vc_column_inner][vc_column_inner width=&#8221;1\/6&#8243;][\/vc_column_inner][\/vc_row_inner][\/vc_column][\/vc_row][vc_row full_width=&#8221;stretch_row&#8221; parallax=&#8221;content-moving&#8221; parallax_speed_bg=&#8221;1.8&#8243; css=&#8221;.vc_custom_1532416279310{margin-top: 0px !important;margin-bottom: 0px !important;padding-top: 95px !important;padding-bottom: 120px !important;background-image: url(https:\/\/lubconsultoria.com.br\/v1\/wp-content\/uploads\/2018\/07\/FAQs-Contact-Background-Image.png?id=934) !important;background-position: center;background-repeat: no-repeat !important;background-size: cover !important;}&#8221;][vc_column width=&#8221;1\/6&#8243; css=&#8221;.vc_custom_1532000820390{margin-top: 0px !important;margin-bottom: 0px !important;padding-top: 0px !important;padding-bottom: 0px !important;}&#8221;][\/vc_column][vc_column width=&#8221;2\/3&#8243; css=&#8221;.vc_custom_1532000826588{margin-top: 0px !important;margin-bottom: 0px !important;padding-top: 0px !important;padding-bottom: 0px !important;}&#8221;][vc_custom_heading text=&#8221;ENTRE EM CONTATO&#8221; font_container=&#8221;tag:h6|font_size:16px|text_align:center|color:%23181616|line_height:26px&#8221; use_theme_fonts=&#8221;yes&#8221; el_class=&#8221;font-weight-medium&#8221; css=&#8221;.vc_custom_1604773655710{margin-top: 0px !important;margin-bottom: 10px !important;}&#8221;][vc_custom_heading text=&#8221;N\u00e3o encontrou sua d\u00favida? Envie abaixo suas Perguntas!&#8221; font_container=&#8221;tag:h2|font_size:35px|text_align:center|color:%23181616|line_height:41px&#8221; use_theme_fonts=&#8221;yes&#8221; el_class=&#8221;font-weight-bold letter-spacing&#8211;1&#8243; css=&#8221;.vc_custom_1604773698502{margin-top: 0px !important;margin-bottom: 25px !important;}&#8221;][vc_column_text css=&#8221;.vc_custom_1604773806731{margin-top: 0px !important;margin-bottom: 25px !important;}&#8221;]<\/p>\n<p style=\"text-align: center;\">Nossa equipe responder\u00e1 sua d\u00favida o mais r\u00e1pido poss\u00edvel, e em seguida ela ser\u00e1 disponibilizada aqui nessa p\u00e1gina conforme as Perguntas atuais. Voc\u00ea n\u00e3o ser\u00e1 identificado, fique tranquilo!<\/p>\n<p>[\/vc_column_text]\r<!-- rt-cf7 -->\r<div class=\"radiant-contact-form rt0d07e14c25c9051 element-one \"  ><div role=\"form\" class=\"wpcf7\" id=\"wpcf7-f704-o1\" lang=\"en-US\" dir=\"ltr\">\n<div class=\"screen-reader-response\"><p role=\"status\" aria-live=\"polite\" aria-atomic=\"true\"><\/p> <ul><\/ul><\/div>\n<form action=\"\/v1\/wp-json\/wp\/v2\/pages\/896#wpcf7-f704-o1\" method=\"post\" class=\"wpcf7-form init\" novalidate=\"novalidate\" data-status=\"init\">\n<div style=\"display: none;\">\n<input type=\"hidden\" name=\"_wpcf7\" value=\"704\" \/>\n<input type=\"hidden\" name=\"_wpcf7_version\" value=\"5.6.4\" \/>\n<input type=\"hidden\" name=\"_wpcf7_locale\" value=\"en_US\" \/>\n<input type=\"hidden\" name=\"_wpcf7_unit_tag\" value=\"wpcf7-f704-o1\" \/>\n<input type=\"hidden\" name=\"_wpcf7_container_post\" value=\"0\" \/>\n<input type=\"hidden\" name=\"_wpcf7_posted_data_hash\" value=\"\" \/>\n<input type=\"hidden\" name=\"_wpcf7_recaptcha_response\" value=\"\" \/>\n<\/div>\n<div class=\"row\">\n<div class=\"col-lg-6 col-md-6 col-sm-12 col-xs-12\">\n<div class=\"form-row\">\n<span class=\"wpcf7-form-control-wrap\" data-name=\"Name\"><input type=\"text\" name=\"Name\" value=\"\" size=\"40\" class=\"wpcf7-form-control wpcf7-text wpcf7-validates-as-required\" aria-required=\"true\" aria-invalid=\"false\" placeholder=\"Seu Nome\" \/><\/span>\n<\/div>\n<\/div>\n<div class=\"col-lg-6 col-md-6 col-sm-12 col-xs-12\">\n<div class=\"form-row\">\n<span class=\"wpcf7-form-control-wrap\" data-name=\"Email\"><input type=\"email\" name=\"Email\" value=\"\" size=\"40\" class=\"wpcf7-form-control wpcf7-text wpcf7-email wpcf7-validates-as-required wpcf7-validates-as-email\" aria-required=\"true\" aria-invalid=\"false\" placeholder=\"Seu E-mail\" \/><\/span>\n<\/div>\n<\/div>\n<div class=\"col-lg-6 col-md-6 col-sm-12 col-xs-12\">\n<div class=\"form-row\">\n<span class=\"wpcf7-form-control-wrap\" data-name=\"Phone\"><input type=\"tel\" name=\"Phone\" value=\"\" size=\"40\" class=\"wpcf7-form-control wpcf7-text wpcf7-tel wpcf7-validates-as-required wpcf7-validates-as-tel\" aria-required=\"true\" aria-invalid=\"false\" placeholder=\"Celular\" \/><\/span>\n<\/div>\n<\/div>\n<div class=\"col-lg-6 col-md-6 col-sm-12 col-xs-12\">\n<div class=\"form-row\">\n<span class=\"wpcf7-form-control-wrap\" data-name=\"Subject\"><input type=\"text\" name=\"Subject\" value=\"\" size=\"40\" class=\"wpcf7-form-control wpcf7-text wpcf7-validates-as-required\" aria-required=\"true\" aria-invalid=\"false\" placeholder=\"Assunto\" \/><\/span>\n<\/div>\n<\/div>\n<div class=\"col-lg-12 col-md-12 col-sm-12 col-xs-12\">\n<div class=\"form-row\">\n<span class=\"wpcf7-form-control-wrap\" data-name=\"Message\"><textarea name=\"Message\" cols=\"40\" rows=\"10\" class=\"wpcf7-form-control wpcf7-textarea wpcf7-validates-as-required\" aria-required=\"true\" aria-invalid=\"false\" placeholder=\"Sua D\u00favida ou Sugest\u00e3o\"><\/textarea><\/span>\n<\/div>\n<\/div>\n<div class=\"col-lg-12 col-md-12 col-sm-12 col-xs-12\">\n<div class=\"form-row text-center\">\n<input type=\"submit\" value=\"ENVIAR\" class=\"wpcf7-form-control has-spinner wpcf7-submit\" \/>\n<\/div>\n<\/div>\n<\/div>\n<div class=\"wpcf7-response-output\" aria-hidden=\"true\"><\/div><\/form><\/div><div class=\"clearfix\"><\/div><\/div><!-- rt-cf7 -->\r[\/vc_column][vc_column width=&#8221;1\/6&#8243; css=&#8221;.vc_custom_1532000849590{margin-top: 0px !important;margin-bottom: 0px !important;padding-top: 0px !important;padding-bottom: 0px !important;}&#8221;][\/vc_column][\/vc_row]<\/p>\n","protected":false},"excerpt":{"rendered":"<p>[vc_row full_width=&#8221;stretch_row&#8221; css=&#8221;.vc_custom_1532415669437{margin-top: 0px !important;margin-bottom: 0px !important;padding-top: 120px !important;padding-bottom: 120px !important;background-color: #ffffff !important;}&#8221;][vc_column css=&#8221;.vc_custom_1532415663254{padding-top: 0px !important;padding-bottom: 0px !important;}&#8221;][vc_custom_heading text=&#8221;INFORMA\u00c7\u00d5ES ADICIONAIS&#8221; font_container=&#8221;tag:h6|font_size:16px|text_align:left|color:%23181616|line_height:26px&#8221; use_theme_fonts=&#8221;yes&#8221; el_class=&#8221;font-weight-medium&#8221; css=&#8221;.vc_custom_1604772671247{margin-top: 0px !important;margin-bottom: 10px !important;}&#8221;][vc_custom_heading text=&#8221;O que voc\u00ea precisa saber sobre nossos Servi\u00e7os&#8221; font_container=&#8221;tag:h1|font_size:35px|text_align:left|color:%23181616|line_height:45px&#8221; use_theme_fonts=&#8221;yes&#8221; el_class=&#8221;font-weight-bold&#8221; css=&#8221;.vc_custom_1604772722730{margin-top: 0px !important;margin-bottom: 25px !important;}&#8221;][vc_column_text css=&#8221;.vc_custom_1604772872190{margin-top: 0px !important;margin-bottom: 35px !important;}&#8221;]Relacionamos algumas perguntas b\u00e1sicas que os Clientes [&hellip;]<\/p>\n","protected":false},"author":1,"featured_media":930,"parent":0,"menu_order":0,"comment_status":"closed","ping_status":"closed","template":"","meta":{"footnotes":""},"_links":{"self":[{"href":"https:\/\/lubconsultoria.com.br\/v1\/wp-json\/wp\/v2\/pages\/896"}],"collection":[{"href":"https:\/\/lubconsultoria.com.br\/v1\/wp-json\/wp\/v2\/pages"}],"about":[{"href":"https:\/\/lubconsultoria.com.br\/v1\/wp-json\/wp\/v2\/types\/page"}],"author":[{"embeddable":true,"href":"https:\/\/lubconsultoria.com.br\/v1\/wp-json\/wp\/v2\/users\/1"}],"replies":[{"embeddable":true,"href":"https:\/\/lubconsultoria.com.br\/v1\/wp-json\/wp\/v2\/comments?post=896"}],"version-history":[{"count":8,"href":"https:\/\/lubconsultoria.com.br\/v1\/wp-json\/wp\/v2\/pages\/896\/revisions"}],"predecessor-version":[{"id":5480,"href":"https:\/\/lubconsultoria.com.br\/v1\/wp-json\/wp\/v2\/pages\/896\/revisions\/5480"}],"wp:featuredmedia":[{"embeddable":true,"href":"https:\/\/lubconsultoria.com.br\/v1\/wp-json\/wp\/v2\/media\/930"}],"wp:attachment":[{"href":"https:\/\/lubconsultoria.com.br\/v1\/wp-json\/wp\/v2\/media?parent=896"}],"curies":[{"name":"wp","href":"https:\/\/api.w.org\/{rel}","templated":true}]}}